{"id":343,"date":"2025-05-20T20:18:03","date_gmt":"2025-05-20T19:18:03","guid":{"rendered":"http:\/\/localhost\/wordpress\/?page_id=343"},"modified":"2025-08-31T10:31:49","modified_gmt":"2025-08-31T09:31:49","slug":"contact","status":"publish","type":"page","link":"https:\/\/multipress-gabon.com\/index.php\/contact\/","title":{"rendered":"CONTACT"},"content":{"rendered":"\t\t<div data-elementor-type=\"wp-page\" data-elementor-id=\"343\" class=\"elementor elementor-343\" data-elementor-post-type=\"page\">\n\t\t\t\t<div class=\"elementor-element elementor-element-a4e66e3 e-flex e-con-boxed e-con e-parent\" data-id=\"a4e66e3\" data-element_type=\"container\" data-e-type=\"container\">\n\t\t\t\t\t<div class=\"e-con-inner\">\n\t\t<div class=\"elementor-element elementor-element-6205d56 e-con-full e-flex e-con e-child\" data-id=\"6205d56\" data-element_type=\"container\" data-e-type=\"container\">\n\t\t<div class=\"elementor-element elementor-element-67758a4 e-con-full e-flex e-con e-child\" data-id=\"67758a4\" data-element_type=\"container\" data-e-type=\"container\" data-settings=\"{&quot;background_background&quot;:&quot;classic&quot;}\">\n\t\t\t\t<div class=\"elementor-element elementor-element-834c874 elementor-widget elementor-widget-image\" data-id=\"834c874\" data-element_type=\"widget\" data-e-type=\"widget\" data-widget_type=\"image.default\">\n\t\t\t\t<div class=\"elementor-widget-container\">\n\t\t\t\t\t\t\t\t\t\t\t\t\t\t\t<img fetchpriority=\"high\" decoding=\"async\" width=\"1707\" height=\"2560\" src=\"https:\/\/multipress-gabon.com\/wp-content\/uploads\/2025\/06\/NR_03446-scaled.jpg\" class=\"attachment-full size-full wp-image-2289\" alt=\"\" srcset=\"https:\/\/multipress-gabon.com\/wp-content\/uploads\/2025\/06\/NR_03446-scaled.jpg 1707w, https:\/\/multipress-gabon.com\/wp-content\/uploads\/2025\/06\/NR_03446-200x300.jpg 200w, https:\/\/multipress-gabon.com\/wp-content\/uploads\/2025\/06\/NR_03446-683x1024.jpg 683w, https:\/\/multipress-gabon.com\/wp-content\/uploads\/2025\/06\/NR_03446-768x1152.jpg 768w, https:\/\/multipress-gabon.com\/wp-content\/uploads\/2025\/06\/NR_03446-1024x1536.jpg 1024w, https:\/\/multipress-gabon.com\/wp-content\/uploads\/2025\/06\/NR_03446-1365x2048.jpg 1365w\" sizes=\"(max-width: 1707px) 100vw, 1707px\" \/>\t\t\t\t\t\t\t\t\t\t\t\t\t\t\t<\/div>\n\t\t\t\t<\/div>\n\t\t\t\t<\/div>\n\t\t\t\t<\/div>\n\t\t<div class=\"elementor-element elementor-element-013d050 e-con-full e-flex e-con e-child\" data-id=\"013d050\" data-element_type=\"container\" data-e-type=\"container\">\n\t\t<div class=\"elementor-element elementor-element-0b16c51 e-con-full e-flex e-con e-child\" data-id=\"0b16c51\" data-element_type=\"container\" data-e-type=\"container\">\n\t\t\t\t<div class=\"elementor-element elementor-element-4575e5a elementor-widget elementor-widget-heading\" data-id=\"4575e5a\" data-element_type=\"widget\" data-e-type=\"widget\" data-widget_type=\"heading.default\">\n\t\t\t\t<div class=\"elementor-widget-container\">\n\t\t\t\t\t<h2 class=\"elementor-heading-title elementor-size-default\">PRENONS CONTACT<\/h2>\t\t\t\t<\/div>\n\t\t\t\t<\/div>\n\t\t\t\t<\/div>\n\t\t<div class=\"elementor-element elementor-element-cb2a584 e-con-full e-flex e-con e-child\" data-id=\"cb2a584\" data-element_type=\"container\" data-e-type=\"container\">\n\t\t\t\t<div class=\"elementor-element elementor-element-be9a891 elementor-widget__width-initial elementor-widget elementor-widget-heading\" data-id=\"be9a891\" data-element_type=\"widget\" data-e-type=\"widget\" data-widget_type=\"heading.default\">\n\t\t\t\t<div class=\"elementor-widget-container\">\n\t\t\t\t\t<h2 class=\"elementor-heading-title elementor-size-default\">Un projet d\u2019impression ? Une demande sp\u00e9cifique ?\nUn devis personnalis\u00e9 ? Vous \u00eates au bon endroit !<\/h2>\t\t\t\t<\/div>\n\t\t\t\t<\/div>\n\t\t\t\t<\/div>\n\t\t<div class=\"elementor-element elementor-element-1841702 e-con-full e-flex e-con e-child\" data-id=\"1841702\" data-element_type=\"container\" data-e-type=\"container\">\n\t\t\t\t<div class=\"elementor-element elementor-element-d313c2f elementor-widget__width-initial elementor-widget elementor-widget-html\" data-id=\"d313c2f\" data-element_type=\"widget\" data-e-type=\"widget\" data-widget_type=\"html.default\">\n\t\t\t\t<div class=\"elementor-widget-container\">\n\t\t\t\t\t<div style=\"display: flex; justify-content: center;\">\n  <iframe\n    aria-label=\"Formulaire de Contact - MPG\"\n    frameborder=\"0\"\n    style=\"height:1000px; width:700px; border:none;\"\n    src=\"https:\/\/forms.zohopublic.com\/ediprint\/form\/MPG\/formperma\/8dTtGSMAJFFcIsIGLD2edva6LQovj82dUqco9lmTvCM\"\n  ><\/iframe>\n<\/div>\n\t\t\t\t<\/div>\n\t\t\t\t<\/div>\n\t\t\t\t<\/div>\n\t\t\t\t<\/div>\n\t\t\t\t\t<\/div>\n\t\t\t\t<\/div>\n\t\t<div class=\"elementor-element elementor-element-44b929d e-flex e-con-boxed e-con e-parent\" data-id=\"44b929d\" data-element_type=\"container\" data-e-type=\"container\">\n\t\t\t\t\t<div class=\"e-con-inner\">\n\t\t<div class=\"elementor-element elementor-element-a04e561 e-con-full e-flex e-con e-child\" data-id=\"a04e561\" data-element_type=\"container\" data-e-type=\"container\">\n\t\t\t\t<div class=\"elementor-element elementor-element-b338e0f elementor-widget__width-initial elementor-widget-tablet__width-initial elementor-widget elementor-widget-heading\" data-id=\"b338e0f\" data-element_type=\"widget\" data-e-type=\"widget\" data-widget_type=\"heading.default\">\n\t\t\t\t<div class=\"elementor-widget-container\">\n\t\t\t\t\t<h2 class=\"elementor-heading-title elementor-size-default\">Libreville<\/h2>\t\t\t\t<\/div>\n\t\t\t\t<\/div>\n\t\t\t\t<div class=\"elementor-element elementor-element-a756153 elementor-widget__width-initial elementor-widget-tablet__width-initial elementor-widget elementor-widget-heading\" data-id=\"a756153\" data-element_type=\"widget\" data-e-type=\"widget\" data-widget_type=\"heading.default\">\n\t\t\t\t<div class=\"elementor-widget-container\">\n\t\t\t\t\t<h2 class=\"elementor-heading-title elementor-size-default\">T\u00e9l : 00241.01.73.22.33 - 01.73.21.75 - 01.73.02.09 - 07.15.09.84 - 07.15.09.85\nFax : 00241.01.73.63.72 - E-mail : secretariat@multipress-gabon.com<\/h2>\t\t\t\t<\/div>\n\t\t\t\t<\/div>\n\t\t<div class=\"elementor-element elementor-element-37a7a4f e-con-full e-flex e-con e-child\" data-id=\"37a7a4f\" data-element_type=\"container\" data-e-type=\"container\">\n\t\t\t\t<div class=\"elementor-element elementor-element-0db0c08 elementor-widget-tablet__width-initial elementor-widget elementor-widget-heading\" data-id=\"0db0c08\" data-element_type=\"widget\" data-e-type=\"widget\" data-widget_type=\"heading.default\">\n\t\t\t\t<div class=\"elementor-widget-container\">\n\t\t\t\t\t<h2 class=\"elementor-heading-title elementor-size-default\">Port-Gentil<\/h2>\t\t\t\t<\/div>\n\t\t\t\t<\/div>\n\t\t\t\t<div class=\"elementor-element elementor-element-54c8a69 elementor-widget__width-initial elementor-widget elementor-widget-heading\" data-id=\"54c8a69\" data-element_type=\"widget\" data-e-type=\"widget\" data-widget_type=\"heading.default\">\n\t\t\t\t<div class=\"elementor-widget-container\">\n\t\t\t\t\t<h2 class=\"elementor-heading-title elementor-size-default\">T\u00e9l : 00241.01.55.33.39 - 07.39.03.57 - 07.17.13.37\n<br>Fax : 00241.01.55.13.97 - E-Mail : agence-pog@multipress-gabon.com<\/h2>\t\t\t\t<\/div>\n\t\t\t\t<\/div>\n\t\t\t\t<\/div>\n\t\t<div class=\"elementor-element elementor-element-25ead08 e-con-full e-flex e-con e-child\" data-id=\"25ead08\" data-element_type=\"container\" data-e-type=\"container\">\n\t\t\t\t<div class=\"elementor-element elementor-element-a5eccb5 elementor-widget-tablet__width-initial elementor-widget elementor-widget-heading\" data-id=\"a5eccb5\" data-element_type=\"widget\" data-e-type=\"widget\" data-widget_type=\"heading.default\">\n\t\t\t\t<div class=\"elementor-widget-container\">\n\t\t\t\t\t<h2 class=\"elementor-heading-title elementor-size-default\">Si\u00e8ge social : Ancienne Sobraga, <\/h2>\t\t\t\t<\/div>\n\t\t\t\t<\/div>\n\t\t\t\t<div class=\"elementor-element elementor-element-4db9627 elementor-widget elementor-widget-heading\" data-id=\"4db9627\" data-element_type=\"widget\" data-e-type=\"widget\" data-widget_type=\"heading.default\">\n\t\t\t\t<div class=\"elementor-widget-container\">\n\t\t\t\t\t<h2 class=\"elementor-heading-title elementor-size-default\">BP : 3875 Libreville - Gabon<\/h2>\t\t\t\t<\/div>\n\t\t\t\t<\/div>\n\t\t\t\t<\/div>\n\t\t\t\t<\/div>\n\t\t\t\t\t<\/div>\n\t\t\t\t<\/div>\n\t\t<div class=\"elementor-element elementor-element-90b3913 e-flex e-con-boxed e-con e-parent\" data-id=\"90b3913\" data-element_type=\"container\" data-e-type=\"container\">\n\t\t\t\t\t<div class=\"e-con-inner\">\n\t\t\t\t<div class=\"elementor-element elementor-element-3fe592a elementor-widget elementor-widget-google_maps\" data-id=\"3fe592a\" data-element_type=\"widget\" data-e-type=\"widget\" data-widget_type=\"google_maps.default\">\n\t\t\t\t<div class=\"elementor-widget-container\">\n\t\t\t\t\t\t\t<div class=\"elementor-custom-embed\">\n\t\t\t<iframe loading=\"lazy\"\n\t\t\t\t\tsrc=\"https:\/\/maps.google.com\/maps?q=multipress%2C%20libreville%2C%20Gabon&#038;t=m&#038;z=10&#038;output=embed&#038;iwloc=near\"\n\t\t\t\t\ttitle=\"multipress, libreville, Gabon\"\n\t\t\t\t\taria-label=\"multipress, libreville, Gabon\"\n\t\t\t><\/iframe>\n\t\t<\/div>\n\t\t\t\t\t\t<\/div>\n\t\t\t\t<\/div>\n\t\t\t\t\t<\/div>\n\t\t\t\t<\/div>\n\t\t\t\t<\/div>\n\t\t","protected":false},"excerpt":{"rendered":"<p>PRENONS CONTACT Un projet d\u2019impression ? Une demande sp\u00e9cifique ? Un devis personnalis\u00e9 ? Vous \u00eates au bon endroit ! Libreville T\u00e9l : 00241.01.73.22.33 &#8211; 01.73.21.75 &#8211; 01.73.02.09 &#8211; 07.15.09.84 &#8211; 07.15.09.85 Fax : 00241.01.73.63.72 &#8211; E-mail : secretariat@multipress-gabon.com Port-Gentil T\u00e9l : 00241.01.55.33.39 &#8211; 07.39.03.57 &#8211; 07.17.13.37 Fax : 00241.01.55.13.97 &#8211; E-Mail : agence-pog@multipress-gabon.com Si\u00e8ge [&hellip;]<\/p>\n","protected":false},"author":1,"featured_media":0,"parent":0,"menu_order":0,"comment_status":"closed","ping_status":"closed","template":"","meta":{"footnotes":""},"class_list":["post-343","page","type-page","status-publish","hentry"],"yoast_head":"<!-- This site is optimized with the Yoast SEO plugin v27.4 - https:\/\/yoast.com\/product\/yoast-seo-wordpress\/ -->\n<title>CONTACT - Multipress-Gabon<\/title>\n<meta name=\"robots\" content=\"index, follow, max-snippet:-1, max-image-preview:large, max-video-preview:-1\" \/>\n<link rel=\"canonical\" href=\"https:\/\/multipress-gabon.com\/index.php\/contact\/\" \/>\n<meta property=\"og:locale\" content=\"fr_FR\" \/>\n<meta property=\"og:type\" content=\"article\" \/>\n<meta property=\"og:title\" content=\"CONTACT - Multipress-Gabon\" \/>\n<meta property=\"og:description\" content=\"PRENONS CONTACT Un projet d\u2019impression ? Une demande sp\u00e9cifique ? Un devis personnalis\u00e9 ? Vous \u00eates au bon endroit ! Libreville T\u00e9l : 00241.01.73.22.33 &#8211; 01.73.21.75 &#8211; 01.73.02.09 &#8211; 07.15.09.84 &#8211; 07.15.09.85 Fax : 00241.01.73.63.72 &#8211; E-mail : secretariat@multipress-gabon.com Port-Gentil T\u00e9l : 00241.01.55.33.39 &#8211; 07.39.03.57 &#8211; 07.17.13.37 Fax : 00241.01.55.13.97 &#8211; E-Mail : agence-pog@multipress-gabon.com Si\u00e8ge [&hellip;]\" \/>\n<meta property=\"og:url\" content=\"https:\/\/multipress-gabon.com\/index.php\/contact\/\" \/>\n<meta property=\"og:site_name\" content=\"Multipress-Gabon\" \/>\n<meta property=\"article:modified_time\" content=\"2025-08-31T09:31:49+00:00\" \/>\n<meta property=\"og:image\" content=\"https:\/\/multipress-gabon.com\/wp-content\/uploads\/2025\/06\/NR_03446-scaled.jpg\" \/>\n\t<meta property=\"og:image:width\" content=\"1707\" \/>\n\t<meta property=\"og:image:height\" content=\"2560\" \/>\n\t<meta property=\"og:image:type\" content=\"image\/jpeg\" \/>\n<meta name=\"twitter:card\" content=\"summary_large_image\" \/>\n<meta name=\"twitter:label1\" content=\"Dur\u00e9e de lecture estim\u00e9e\" \/>\n\t<meta name=\"twitter:data1\" content=\"1 minute\" \/>\n<script type=\"application\/ld+json\" class=\"yoast-schema-graph\">{\"@context\":\"https:\\\/\\\/schema.org\",\"@graph\":[{\"@type\":\"WebPage\",\"@id\":\"https:\\\/\\\/multipress-gabon.com\\\/index.php\\\/contact\\\/\",\"url\":\"https:\\\/\\\/multipress-gabon.com\\\/index.php\\\/contact\\\/\",\"name\":\"CONTACT - Multipress-Gabon\",\"isPartOf\":{\"@id\":\"https:\\\/\\\/multipress-gabon.com\\\/#website\"},\"primaryImageOfPage\":{\"@id\":\"https:\\\/\\\/multipress-gabon.com\\\/index.php\\\/contact\\\/#primaryimage\"},\"image\":{\"@id\":\"https:\\\/\\\/multipress-gabon.com\\\/index.php\\\/contact\\\/#primaryimage\"},\"thumbnailUrl\":\"https:\\\/\\\/multipress-gabon.com\\\/wp-content\\\/uploads\\\/2025\\\/06\\\/NR_03446-scaled.jpg\",\"datePublished\":\"2025-05-20T19:18:03+00:00\",\"dateModified\":\"2025-08-31T09:31:49+00:00\",\"breadcrumb\":{\"@id\":\"https:\\\/\\\/multipress-gabon.com\\\/index.php\\\/contact\\\/#breadcrumb\"},\"inLanguage\":\"fr-FR\",\"potentialAction\":[{\"@type\":\"ReadAction\",\"target\":[\"https:\\\/\\\/multipress-gabon.com\\\/index.php\\\/contact\\\/\"]}]},{\"@type\":\"ImageObject\",\"inLanguage\":\"fr-FR\",\"@id\":\"https:\\\/\\\/multipress-gabon.com\\\/index.php\\\/contact\\\/#primaryimage\",\"url\":\"https:\\\/\\\/multipress-gabon.com\\\/wp-content\\\/uploads\\\/2025\\\/06\\\/NR_03446-scaled.jpg\",\"contentUrl\":\"https:\\\/\\\/multipress-gabon.com\\\/wp-content\\\/uploads\\\/2025\\\/06\\\/NR_03446-scaled.jpg\",\"width\":1707,\"height\":2560},{\"@type\":\"BreadcrumbList\",\"@id\":\"https:\\\/\\\/multipress-gabon.com\\\/index.php\\\/contact\\\/#breadcrumb\",\"itemListElement\":[{\"@type\":\"ListItem\",\"position\":1,\"name\":\"Accueil\",\"item\":\"https:\\\/\\\/multipress-gabon.com\\\/\"},{\"@type\":\"ListItem\",\"position\":2,\"name\":\"CONTACT\"}]},{\"@type\":\"WebSite\",\"@id\":\"https:\\\/\\\/multipress-gabon.com\\\/#website\",\"url\":\"https:\\\/\\\/multipress-gabon.com\\\/\",\"name\":\"Multipress-Gabon\",\"description\":\"\",\"publisher\":{\"@id\":\"https:\\\/\\\/multipress-gabon.com\\\/#organization\"},\"potentialAction\":[{\"@type\":\"SearchAction\",\"target\":{\"@type\":\"EntryPoint\",\"urlTemplate\":\"https:\\\/\\\/multipress-gabon.com\\\/?s={search_term_string}\"},\"query-input\":{\"@type\":\"PropertyValueSpecification\",\"valueRequired\":true,\"valueName\":\"search_term_string\"}}],\"inLanguage\":\"fr-FR\"},{\"@type\":\"Organization\",\"@id\":\"https:\\\/\\\/multipress-gabon.com\\\/#organization\",\"name\":\"Multipress-Gabon\",\"url\":\"https:\\\/\\\/multipress-gabon.com\\\/\",\"logo\":{\"@type\":\"ImageObject\",\"inLanguage\":\"fr-FR\",\"@id\":\"https:\\\/\\\/multipress-gabon.com\\\/#\\\/schema\\\/logo\\\/image\\\/\",\"url\":\"https:\\\/\\\/mltjym7mr1fo.i.optimole.com\\\/w:1121\\\/h:1080\\\/q:mauto\\\/ig:avif\\\/https:\\\/\\\/multipress-gabon.com\\\/wp-content\\\/uploads\\\/2025\\\/06\\\/Fichier-1-scaled.png\",\"contentUrl\":\"https:\\\/\\\/mltjym7mr1fo.i.optimole.com\\\/w:1121\\\/h:1080\\\/q:mauto\\\/ig:avif\\\/https:\\\/\\\/multipress-gabon.com\\\/wp-content\\\/uploads\\\/2025\\\/06\\\/Fichier-1-scaled.png\",\"width\":2560,\"height\":2465,\"caption\":\"Multipress-Gabon\"},\"image\":{\"@id\":\"https:\\\/\\\/multipress-gabon.com\\\/#\\\/schema\\\/logo\\\/image\\\/\"}}]}<\/script>\n<!-- \/ Yoast SEO plugin. -->","yoast_head_json":{"title":"CONTACT - Multipress-Gabon","robots":{"index":"index","follow":"follow","max-snippet":"max-snippet:-1","max-image-preview":"max-image-preview:large","max-video-preview":"max-video-preview:-1"},"canonical":"https:\/\/multipress-gabon.com\/index.php\/contact\/","og_locale":"fr_FR","og_type":"article","og_title":"CONTACT - Multipress-Gabon","og_description":"PRENONS CONTACT Un projet d\u2019impression ? Une demande sp\u00e9cifique ? Un devis personnalis\u00e9 ? Vous \u00eates au bon endroit ! Libreville T\u00e9l : 00241.01.73.22.33 &#8211; 01.73.21.75 &#8211; 01.73.02.09 &#8211; 07.15.09.84 &#8211; 07.15.09.85 Fax : 00241.01.73.63.72 &#8211; E-mail : secretariat@multipress-gabon.com Port-Gentil T\u00e9l : 00241.01.55.33.39 &#8211; 07.39.03.57 &#8211; 07.17.13.37 Fax : 00241.01.55.13.97 &#8211; E-Mail : agence-pog@multipress-gabon.com Si\u00e8ge [&hellip;]","og_url":"https:\/\/multipress-gabon.com\/index.php\/contact\/","og_site_name":"Multipress-Gabon","article_modified_time":"2025-08-31T09:31:49+00:00","og_image":[{"width":1707,"height":2560,"url":"https:\/\/multipress-gabon.com\/wp-content\/uploads\/2025\/06\/NR_03446-scaled.jpg","type":"image\/jpeg"}],"twitter_card":"summary_large_image","twitter_misc":{"Dur\u00e9e de lecture estim\u00e9e":"1 minute"},"schema":{"@context":"https:\/\/schema.org","@graph":[{"@type":"WebPage","@id":"https:\/\/multipress-gabon.com\/index.php\/contact\/","url":"https:\/\/multipress-gabon.com\/index.php\/contact\/","name":"CONTACT - Multipress-Gabon","isPartOf":{"@id":"https:\/\/multipress-gabon.com\/#website"},"primaryImageOfPage":{"@id":"https:\/\/multipress-gabon.com\/index.php\/contact\/#primaryimage"},"image":{"@id":"https:\/\/multipress-gabon.com\/index.php\/contact\/#primaryimage"},"thumbnailUrl":"https:\/\/multipress-gabon.com\/wp-content\/uploads\/2025\/06\/NR_03446-scaled.jpg","datePublished":"2025-05-20T19:18:03+00:00","dateModified":"2025-08-31T09:31:49+00:00","breadcrumb":{"@id":"https:\/\/multipress-gabon.com\/index.php\/contact\/#breadcrumb"},"inLanguage":"fr-FR","potentialAction":[{"@type":"ReadAction","target":["https:\/\/multipress-gabon.com\/index.php\/contact\/"]}]},{"@type":"ImageObject","inLanguage":"fr-FR","@id":"https:\/\/multipress-gabon.com\/index.php\/contact\/#primaryimage","url":"https:\/\/multipress-gabon.com\/wp-content\/uploads\/2025\/06\/NR_03446-scaled.jpg","contentUrl":"https:\/\/multipress-gabon.com\/wp-content\/uploads\/2025\/06\/NR_03446-scaled.jpg","width":1707,"height":2560},{"@type":"BreadcrumbList","@id":"https:\/\/multipress-gabon.com\/index.php\/contact\/#breadcrumb","itemListElement":[{"@type":"ListItem","position":1,"name":"Accueil","item":"https:\/\/multipress-gabon.com\/"},{"@type":"ListItem","position":2,"name":"CONTACT"}]},{"@type":"WebSite","@id":"https:\/\/multipress-gabon.com\/#website","url":"https:\/\/multipress-gabon.com\/","name":"Multipress-Gabon","description":"","publisher":{"@id":"https:\/\/multipress-gabon.com\/#organization"},"potentialAction":[{"@type":"SearchAction","target":{"@type":"EntryPoint","urlTemplate":"https:\/\/multipress-gabon.com\/?s={search_term_string}"},"query-input":{"@type":"PropertyValueSpecification","valueRequired":true,"valueName":"search_term_string"}}],"inLanguage":"fr-FR"},{"@type":"Organization","@id":"https:\/\/multipress-gabon.com\/#organization","name":"Multipress-Gabon","url":"https:\/\/multipress-gabon.com\/","logo":{"@type":"ImageObject","inLanguage":"fr-FR","@id":"https:\/\/multipress-gabon.com\/#\/schema\/logo\/image\/","url":"https:\/\/mltjym7mr1fo.i.optimole.com\/w:1121\/h:1080\/q:mauto\/ig:avif\/https:\/\/multipress-gabon.com\/wp-content\/uploads\/2025\/06\/Fichier-1-scaled.png","contentUrl":"https:\/\/mltjym7mr1fo.i.optimole.com\/w:1121\/h:1080\/q:mauto\/ig:avif\/https:\/\/multipress-gabon.com\/wp-content\/uploads\/2025\/06\/Fichier-1-scaled.png","width":2560,"height":2465,"caption":"Multipress-Gabon"},"image":{"@id":"https:\/\/multipress-gabon.com\/#\/schema\/logo\/image\/"}}]}},"_links":{"self":[{"href":"https:\/\/multipress-gabon.com\/index.php\/wp-json\/wp\/v2\/pages\/343","targetHints":{"allow":["GET"]}}],"collection":[{"href":"https:\/\/multipress-gabon.com\/index.php\/wp-json\/wp\/v2\/pages"}],"about":[{"href":"https:\/\/multipress-gabon.com\/index.php\/wp-json\/wp\/v2\/types\/page"}],"author":[{"embeddable":true,"href":"https:\/\/multipress-gabon.com\/index.php\/wp-json\/wp\/v2\/users\/1"}],"replies":[{"embeddable":true,"href":"https:\/\/multipress-gabon.com\/index.php\/wp-json\/wp\/v2\/comments?post=343"}],"version-history":[{"count":154,"href":"https:\/\/multipress-gabon.com\/index.php\/wp-json\/wp\/v2\/pages\/343\/revisions"}],"predecessor-version":[{"id":3675,"href":"https:\/\/multipress-gabon.com\/index.php\/wp-json\/wp\/v2\/pages\/343\/revisions\/3675"}],"wp:attachment":[{"href":"https:\/\/multipress-gabon.com\/index.php\/wp-json\/wp\/v2\/media?parent=343"}],"curies":[{"name":"wp","href":"https:\/\/api.w.org\/{rel}","templated":true}]}}